{"id":3409,"date":"2021-09-17T13:48:57","date_gmt":"2021-09-17T11:48:57","guid":{"rendered":"http:\/\/www.ivoirehs.net\/?page_id=3409"},"modified":"2021-09-20T21:40:14","modified_gmt":"2021-09-20T19:40:14","slug":"livraison","status":"publish","type":"page","link":"http:\/\/www.imprimerie-ihs.ci\/index.php\/livraison\/","title":{"rendered":"LIVRAISON"},"content":{"rendered":"<div class=\"wpb-content-wrapper\"><p>[vc_row css=\u00a0\u00bb.vc_custom_1631891022164{margin-top: -15px !important;padding-bottom: 0px !important;}\u00a0\u00bb][vc_column][vc_row_inner][vc_column_inner width=\u00a0\u00bb1\/4&Prime;][\/vc_column_inner][vc_column_inner width=\u00a0\u00bb1\/2&Prime;][revaldak_headings headings_title=\u00a0\u00bbLivraison de vos travaux d\u2019impression Ivoire HS\u00a0\u00bb headings_subtitle=\u00a0\u00bb\u00a0\u00bb headings_subtitle_tag=\u00a0\u00bbp\u00a0\u00bb headings_separator=\u00a0\u00bbborder\u00a0\u00bb headings_separator_border_color=\u00a0\u00bb#49d0e5&Prime; revaldak_heading_font_weight=\u00a0\u00bb400&Prime; revaldak_heading_color=\u00a0\u00bb#000000&Prime; revaldak_sub_heading_font_weight=\u00a0\u00bb400&Prime; revaldak_sub_heading_color=\u00a0\u00bb#8a8a8a\u00a0\u00bb revaldak_heading_spacing=\u00a0\u00bb20px\u00a0\u00bb revaldak_heading_font_size=\u00a0\u00bb35&Prime;][\/vc_column_inner][vc_column_inner width=\u00a0\u00bb1\/4&Prime;][\/vc_column_inner][\/vc_row_inner][\/vc_column][\/vc_row][vc_row full_width=\u00a0\u00bbstretch_row\u00a0\u00bb gap=\u00a0\u00bb25&Prime; css=\u00a0\u00bb.vc_custom_1632167524202{background-color: #e0e0e0 !important;}\u00a0\u00bb][vc_column width=\u00a0\u00bb1\/2&Prime;][vc_single_image image=\u00a0\u00bb3382&Prime; img_size=\u00a0\u00bbfull\u00a0\u00bb][\/vc_column][vc_column width=\u00a0\u00bb1\/2&Prime;][revaldak_empty_spaces height_tablet=\u00a0\u00bb20&Prime; height_desktop=\u00a0\u00bb60&Prime; height_mobile=\u00a0\u00bb0&Prime;][vc_column_text]<span style=\"color: #000000;\">Une fois votre commande d\u2019impression r\u00e9alis\u00e9e par ivoire HS, vous aurez les informations de livraison disponibles en temps r\u00e9el. Trois statuts peuvent vous \u00eatre indiqu\u00e9s afin de suivre vos documents imprim\u00e9s :<\/span><\/p>\n<p><span style=\"color: #000000;\">Traitement en cours : vos supports de communication \u2013 flyers, affiches, cartes\u2026- sont en cours d\u2019impression et de conditionnement,<\/span><\/p>\n<p><span style=\"color: #000000;\">En cours de livraison : le livreur est en mouvement vers le lieu indiquer pour la livraison.<\/span><\/p>\n<p><span style=\"color: #000000;\">Livr\u00e9 : vous \u00eates peut-\u00eatre d\u00e9j\u00e0 en train de distribuer vos flyers ou vos cartes de visites !<\/span><\/p>\n<p><span style=\"color: #000000;\">Si vous souhaitez avoir une information plus pr\u00e9cise vous pourriez contacter notre service livraison IVOIRE HS LIVRAISON<\/span>[\/vc_column_text][\/vc_column][\/vc_row]<\/p>\n<\/div>","protected":false},"excerpt":{"rendered":"<p>[vc_row css=\u00a0\u00bb.vc_custom_1631891022164{margin-top: -15px !important;padding-bottom: 0px !important;}\u00a0\u00bb][vc_column][vc_row_inner][vc_column_inner width=\u00a0\u00bb1\/4&Prime;][\/vc_column_inner][vc_column_inner width=\u00a0\u00bb1\/2&Prime;][revaldak_headings headings_title=\u00a0\u00bbLivraison de vos travaux d\u2019impression Ivoire HS\u00a0\u00bb headings_subtitle=\u00a0\u00bb\u00a0\u00bb headings_subtitle_tag=\u00a0\u00bbp\u00a0\u00bb headings_separator=\u00a0\u00bbborder\u00a0\u00bb headings_separator_border_color=\u00a0\u00bb#49d0e5&Prime; revaldak_heading_font_weight=\u00a0\u00bb400&Prime; revaldak_heading_color=\u00a0\u00bb#000000&Prime; revaldak_sub_heading_font_weight=\u00a0\u00bb400&Prime; revaldak_sub_heading_color=\u00a0\u00bb#8a8a8a\u00a0\u00bb revaldak_heading_spacing=\u00a0\u00bb20px\u00a0\u00bb revaldak_heading_font_size=\u00a0\u00bb35&Prime;][\/vc_column_inner][vc_column_inner width=\u00a0\u00bb1\/4&Prime;][\/vc_column_inner][\/vc_row_inner][\/vc_column][\/vc_row][vc_row full_width=\u00a0\u00bbstretch_row\u00a0\u00bb gap=\u00a0\u00bb25&Prime; css=\u00a0\u00bb.vc_custom_1632167524202{background-color: #e0e0e0 !important;}\u00a0\u00bb][vc_column width=\u00a0\u00bb1\/2&Prime;][vc_single_image image=\u00a0\u00bb3382&Prime; img_size=\u00a0\u00bbfull\u00a0\u00bb][\/vc_column][vc_column width=\u00a0\u00bb1\/2&Prime;][revaldak_empty_spaces height_tablet=\u00a0\u00bb20&Prime; height_desktop=\u00a0\u00bb60&Prime; height_mobile=\u00a0\u00bb0&Prime;][vc_column_text]Une fois votre commande d\u2019impression r\u00e9alis\u00e9e par ivoire HS, vous aurez les informations de livraison disponibles en temps [&hellip;]<\/p>\n","protected":false},"author":1,"featured_media":0,"parent":0,"menu_order":0,"comment_status":"closed","ping_status":"closed","template":"","meta":{"footnotes":""},"class_list":["post-3409","page","type-page","status-publish","hentry"],"_links":{"self":[{"href":"http:\/\/www.imprimerie-ihs.ci\/index.php\/wp-json\/wp\/v2\/pages\/3409","targetHints":{"allow":["GET"]}}],"collection":[{"href":"http:\/\/www.imprimerie-ihs.ci\/index.php\/wp-json\/wp\/v2\/pages"}],"about":[{"href":"http:\/\/www.imprimerie-ihs.ci\/index.php\/wp-json\/wp\/v2\/types\/page"}],"author":[{"embeddable":true,"href":"http:\/\/www.imprimerie-ihs.ci\/index.php\/wp-json\/wp\/v2\/users\/1"}],"replies":[{"embeddable":true,"href":"http:\/\/www.imprimerie-ihs.ci\/index.php\/wp-json\/wp\/v2\/comments?post=3409"}],"version-history":[{"count":0,"href":"http:\/\/www.imprimerie-ihs.ci\/index.php\/wp-json\/wp\/v2\/pages\/3409\/revisions"}],"wp:attachment":[{"href":"http:\/\/www.imprimerie-ihs.ci\/index.php\/wp-json\/wp\/v2\/media?parent=3409"}],"curies":[{"name":"wp","href":"https:\/\/api.w.org\/{rel}","templated":true}]}}