{"id":3407,"date":"2021-09-17T17:50:47","date_gmt":"2021-09-17T15:50:47","guid":{"rendered":"http:\/\/www.ivoirehs.net\/?page_id=3407"},"modified":"2021-09-20T21:44:19","modified_gmt":"2021-09-20T19:44:19","slug":"finition-faconnage","status":"publish","type":"page","link":"http:\/\/www.imprimerie-ihs.ci\/index.php\/finition-faconnage\/","title":{"rendered":"FINITION &#038; FA\u00c7ONNAGE"},"content":{"rendered":"<div class=\"wpb-content-wrapper\"><p>[vc_row css=\u00a0\u00bb.vc_custom_1631895336956{margin-top: -25px !important;padding-bottom: 0px !important;}\u00a0\u00bb][vc_column][revaldak_headings headings_title=\u00a0\u00bbFINITION &amp; FA\u00c7ONNAGE\u00a0\u00bb headings_subtitle=\u00a0\u00bb\u00a0\u00bb headings_subtitle_tag=\u00a0\u00bbp\u00a0\u00bb headings_separator=\u00a0\u00bbborder\u00a0\u00bb headings_separator_border_color=\u00a0\u00bb#49d0e5&Prime; revaldak_heading_font_weight=\u00a0\u00bb400&Prime; revaldak_heading_color=\u00a0\u00bb#000000&Prime; revaldak_sub_heading_font_weight=\u00a0\u00bb400&Prime; revaldak_sub_heading_color=\u00a0\u00bb#8a8a8a\u00a0\u00bb revaldak_heading_spacing=\u00a0\u00bb20px\u00a0\u00bb revaldak_heading_font_size=\u00a0\u00bb35&Prime;][\/vc_column][\/vc_row][vc_row full_width=\u00a0\u00bbstretch_row\u00a0\u00bb css=\u00a0\u00bb.vc_custom_1631895344203{background-color: #f2e5c4 !important;}\u00a0\u00bb][vc_column width=\u00a0\u00bb1\/2&Prime;][vc_single_image image=\u00a0\u00bb7&Prime; img_size=\u00a0\u00bbfull\u00a0\u00bb][\/vc_column][vc_column width=\u00a0\u00bb1\/2&Prime; css=\u00a0\u00bb.vc_custom_1631895312719{padding-left: 10px !important;}\u00a0\u00bb][vc_column_text]Nous fa\u00e7onnons vos travaux \u00e0 votre image.<\/p>\n<p>Les op\u00e9rations de finition en imprimerie sont \u00e9galement appel\u00e9es fa\u00e7onnage.<\/p>\n<p>Tous vos documents imprim\u00e9s sont fa\u00e7onn\u00e9s pour leur donner leur forme d\u00e9finitive (liasses, catalogues, affiches, carte de visite, etc\u2026).<\/p>\n<p>Plusieurs finitions sont possibles en fonction du cas : massicotage, coupe sp\u00e9cifique (sur mesure), pliage, assemblage, agrafage, reliure, encartage, brochage, plastification, etc\u2026<br \/>\nNotre parc machine nous permet de traiter tous les cas de figure.<br \/>\nLa d\u00e9coupe (standard ou personnalis\u00e9e)<br \/>\n\u2013 Effectu\u00e9e au massicot, elle donne aux documents leur format d\u00e9finitif.<br \/>\n\u2013 Nous proposons \u00e9galement un service de d\u00e9coupes sp\u00e9ciales, vous choisissez une forme sp\u00e9cifique et nous fabriquons un outil sur mesure (pour que votre projet soit unique!).[\/vc_column_text][\/vc_column][\/vc_row][vc_row full_width=\u00a0\u00bbstretch_row\u00a0\u00bb gap=\u00a0\u00bb25&Prime;][vc_column width=\u00a0\u00bb1\/3&Prime;][revaldak_text_icon box_title=\u00a0\u00bbLe pelliculage\u00a0\u00bb box_title_color=\u00a0\u00bb#000000&Prime; box_content=\u00a0\u00bbLe pelliculage est une couche de vernis m\u00e2t, brillant ou grain\u00e9, appliqu\u00e9e uniform\u00e9ment et faisant ressortir vos documents. Nous mettons \u00e0 votre disposition des \u00e9chantillons et mod\u00e8les pour vous aider \u00e0 choisir.\u00a0\u00bb box_content_color=\u00a0\u00bb#000000&Prime; revaldak_switch=\u00a0\u00bbrevaldak_image\u00a0\u00bb revaldak_source_image=\u00a0\u00bb3412&Prime; revaldak_title_font_size=\u00a0\u00bb25&Prime;][\/vc_column][vc_column width=\u00a0\u00bb1\/3&Prime;][revaldak_text_icon box_title=\u00a0\u00bbLe vernis s\u00e9lectif\u00a0\u00bb box_title_color=\u00a0\u00bb#000000&Prime; box_content=\u00a0\u00bbVous d\u00e9terminez les zones de votre document sur lesquelles seront appliqu\u00e9es une couche de vernis, sur un logo, une image, une photo ou un texte \u00e0 mettre en valeur.\u00a0\u00bb box_content_color=\u00a0\u00bb#000000&Prime; revaldak_switch=\u00a0\u00bbrevaldak_image\u00a0\u00bb revaldak_source_image=\u00a0\u00bb3415&Prime; revaldak_title_font_size=\u00a0\u00bb25&Prime;][\/vc_column][vc_column width=\u00a0\u00bb1\/3&Prime;][revaldak_text_icon box_title=\u00a0\u00bbRelief, filigrane ou dorures\u00a0\u00bb box_title_color=\u00a0\u00bb#000000&Prime; box_content=\u00a0\u00bbDonnez du relief \u00e0 vos documents, en choisissant les zones \u00e0 faire ressortir ou \u00e0 incurver. Vous pouvez \u00e9galement demander un filigrane (forme que l\u2019on voit par transparence au travers du papier) pour vos pages ou des dorures ou zones argent\u00e9es.\u00a0\u00bb box_content_color=\u00a0\u00bb#000000&Prime; revaldak_switch=\u00a0\u00bbrevaldak_image\u00a0\u00bb revaldak_source_image=\u00a0\u00bb3463&Prime; revaldak_title_font_size=\u00a0\u00bb25&Prime;][\/vc_column][\/vc_row][vc_row full_width=\u00a0\u00bbstretch_row\u00a0\u00bb gap=\u00a0\u00bb25&Prime;][vc_column width=\u00a0\u00bb1\/3&Prime;][revaldak_text_icon box_title=\u00a0\u00bbLe pliage\u00a0\u00bb box_title_color=\u00a0\u00bb#000000&Prime; box_content=\u00a0\u00bbSi nous imprimons pour vous des documents au format A4 et que vous souhaitez \u00e0 terme les envoyer par courrier, ils doivent \u00eatre pli\u00e9s pour rentrer dans une enveloppe. Nous r\u00e9alisons tous types de plis, en portefeuille, roul\u00e9s (jusqu\u2019\u00e0 6 plis), crois\u00e9s (et avec 2 retours en poches), accord\u00e9ons, fen\u00eatre ou pharmaceutique.\u00a0\u00bb box_content_color=\u00a0\u00bb#000000&Prime; revaldak_switch=\u00a0\u00bbrevaldak_image\u00a0\u00bb revaldak_source_image=\u00a0\u00bb3414&Prime; revaldak_title_font_size=\u00a0\u00bb25&Prime;][\/vc_column][vc_column width=\u00a0\u00bb1\/3&Prime;][revaldak_text_icon box_title=\u00a0\u00bbL\u2019assemblage et le brochage\u00a0\u00bb box_title_color=\u00a0\u00bb#000000&Prime; box_content=\u00a0\u00bbAssembler vos documents, en confection la tranche (le dos), ajouter une feuille volante \u00e0 l\u2019int\u00e9rieur (encarter), relier les feuillets d\u2019un catalogue\u2026nous effectuons toutes ces \u00e9tapes qui donnent de la valeur \u00e0 votre projet.\u00a0\u00bb box_content_color=\u00a0\u00bb#000000&Prime; revaldak_switch=\u00a0\u00bbrevaldak_image\u00a0\u00bb revaldak_source_image=\u00a0\u00bb3411&Prime; revaldak_title_font_size=\u00a0\u00bb25&Prime;][\/vc_column][vc_column width=\u00a0\u00bb1\/3&Prime;][revaldak_text_icon box_title=\u00a0\u00bbL\u2019agrafage\u00a0\u00bb box_title_color=\u00a0\u00bb#000000&Prime; box_content=\u00a0\u00bbIl s\u2019agit en effet d\u2019agrafer les pages d\u2019une brochure ou de tout autre document.\u00a0\u00bb box_content_color=\u00a0\u00bb#000000&Prime; revaldak_switch=\u00a0\u00bbrevaldak_image\u00a0\u00bb revaldak_source_image=\u00a0\u00bb3413&Prime; revaldak_title_font_size=\u00a0\u00bb25&Prime;][vc_btn title=\u00a0\u00bbContactez-nous\u00a0\u00bb color=\u00a0\u00bborange\u00a0\u00bb link=\u00a0\u00bburl:tel%3A%2B225%2005%2005%20904%20300%20%20&Prime; css=\u00a0\u00bb.vc_custom_1631895627362{background-color: #dd9933 !important;}\u00a0\u00bb][\/vc_column][\/vc_row]<\/p>\n<\/div>","protected":false},"excerpt":{"rendered":"<p>[vc_row css=\u00a0\u00bb.vc_custom_1631895336956{margin-top: -25px !important;padding-bottom: 0px !important;}\u00a0\u00bb][vc_column][revaldak_headings headings_title=\u00a0\u00bbFINITION &amp; FA\u00c7ONNAGE\u00a0\u00bb headings_subtitle=\u00a0\u00bb\u00a0\u00bb headings_subtitle_tag=\u00a0\u00bbp\u00a0\u00bb headings_separator=\u00a0\u00bbborder\u00a0\u00bb headings_separator_border_color=\u00a0\u00bb#49d0e5&Prime; revaldak_heading_font_weight=\u00a0\u00bb400&Prime; revaldak_heading_color=\u00a0\u00bb#000000&Prime; revaldak_sub_heading_font_weight=\u00a0\u00bb400&Prime; revaldak_sub_heading_color=\u00a0\u00bb#8a8a8a\u00a0\u00bb revaldak_heading_spacing=\u00a0\u00bb20px\u00a0\u00bb revaldak_heading_font_size=\u00a0\u00bb35&Prime;][\/vc_column][\/vc_row][vc_row full_width=\u00a0\u00bbstretch_row\u00a0\u00bb css=\u00a0\u00bb.vc_custom_1631895344203{background-color: #f2e5c4 !important;}\u00a0\u00bb][vc_column width=\u00a0\u00bb1\/2&Prime;][vc_single_image image=\u00a0\u00bb7&Prime; img_size=\u00a0\u00bbfull\u00a0\u00bb][\/vc_column][vc_column width=\u00a0\u00bb1\/2&Prime; css=\u00a0\u00bb.vc_custom_1631895312719{padding-left: 10px !important;}\u00a0\u00bb][vc_column_text]Nous fa\u00e7onnons vos travaux \u00e0 votre image. Les op\u00e9rations de finition en imprimerie sont \u00e9galement appel\u00e9es fa\u00e7onnage. Tous vos documents imprim\u00e9s sont fa\u00e7onn\u00e9s pour leur donner [&hellip;]<\/p>\n","protected":false},"author":1,"featured_media":0,"parent":0,"menu_order":0,"comment_status":"closed","ping_status":"closed","template":"","meta":{"footnotes":""},"class_list":["post-3407","page","type-page","status-publish","hentry"],"_links":{"self":[{"href":"http:\/\/www.imprimerie-ihs.ci\/index.php\/wp-json\/wp\/v2\/pages\/3407","targetHints":{"allow":["GET"]}}],"collection":[{"href":"http:\/\/www.imprimerie-ihs.ci\/index.php\/wp-json\/wp\/v2\/pages"}],"about":[{"href":"http:\/\/www.imprimerie-ihs.ci\/index.php\/wp-json\/wp\/v2\/types\/page"}],"author":[{"embeddable":true,"href":"http:\/\/www.imprimerie-ihs.ci\/index.php\/wp-json\/wp\/v2\/users\/1"}],"replies":[{"embeddable":true,"href":"http:\/\/www.imprimerie-ihs.ci\/index.php\/wp-json\/wp\/v2\/comments?post=3407"}],"version-history":[{"count":0,"href":"http:\/\/www.imprimerie-ihs.ci\/index.php\/wp-json\/wp\/v2\/pages\/3407\/revisions"}],"wp:attachment":[{"href":"http:\/\/www.imprimerie-ihs.ci\/index.php\/wp-json\/wp\/v2\/media?parent=3407"}],"curies":[{"name":"wp","href":"https:\/\/api.w.org\/{rel}","templated":true}]}}