{"id":3401,"date":"2021-09-17T13:29:34","date_gmt":"2021-09-17T11:29:34","guid":{"rendered":"http:\/\/www.ivoirehs.net\/?page_id=3401"},"modified":"2021-09-20T21:45:36","modified_gmt":"2021-09-20T19:45:36","slug":"impression-numerique","status":"publish","type":"page","link":"http:\/\/www.imprimerie-ihs.ci\/index.php\/impression-numerique\/","title":{"rendered":"IMPRESSION NUM\u00c9RIQUE"},"content":{"rendered":"<div class=\"wpb-content-wrapper\"><p>[vc_row css=\u00a0\u00bb.vc_custom_1509557626027{padding-top: 20px !important;padding-bottom: 0px !important;}\u00a0\u00bb][vc_column][revaldak_headings headings_title=\u00a0\u00bbIMPRESSION NUM\u00c9RIQUE\u00a0\u00bb headings_subtitle=\u00a0\u00bb\u00a0\u00bb headings_subtitle_tag=\u00a0\u00bbp\u00a0\u00bb headings_separator=\u00a0\u00bbborder\u00a0\u00bb headings_separator_border_color=\u00a0\u00bb#49d0e5&Prime; revaldak_heading_font_weight=\u00a0\u00bb400&Prime; revaldak_heading_color=\u00a0\u00bb#000000&Prime; revaldak_sub_heading_font_weight=\u00a0\u00bb400&Prime; revaldak_sub_heading_color=\u00a0\u00bb#8a8a8a\u00a0\u00bb revaldak_heading_spacing=\u00a0\u00bb20px\u00a0\u00bb revaldak_heading_font_size=\u00a0\u00bb35&Prime;][\/vc_column][\/vc_row][vc_row full_width=\u00a0\u00bbstretch_row\u00a0\u00bb gap=\u00a0\u00bb25&Prime;][vc_column width=\u00a0\u00bb1\/2&Prime;][vc_single_image image=\u00a0\u00bb3375&Prime; img_size=\u00a0\u00bbfull\u00a0\u00bb alignment=\u00a0\u00bbcenter\u00a0\u00bb][\/vc_column][vc_column width=\u00a0\u00bb1\/2&Prime;][vc_column_text]Il existe deux formes d\u2019impression num\u00e9rique : en jet d\u2019encre ou en laser. Cependant leur principe de base est le m\u00eame, et il est tr\u00e8s diff\u00e9rent des autres techniques d\u2019impression.<\/p>\n<p><strong><u>Diff\u00e9rence impression num\u00e9rique &amp; autres types d\u2019impression<\/u><\/strong><\/p>\n<p>Dans l\u2019impression num\u00e9rique il n\u2019y a pas de \u00ab\u00a0forme imprimante\u00a0\u00bb sur laquelle l\u2019encre est plac\u00e9e pour ensuite \u00eatre transf\u00e9r\u00e9e sur le support. L\u2019encre est appliqu\u00e9e directement sur un support libre, et seul un ordinateur contr\u00f4le son application sur le support.<\/p>\n<p>De fa\u00e7on g\u00e9n\u00e9rale l\u2019impression num\u00e9rique offre une alternative \u00e0 la s\u00e9rigraphie et \u00e0 l\u2019offset. Elle est utilis\u00e9e pour les impressions de petites quantit\u00e9s et les impressions personnalis\u00e9es. Les supports utilis\u00e9s en impression num\u00e9rique sont principalement\u00a0:<\/p>\n<ul>\n<li>les enseignes et banderoles publicitaires,<\/li>\n<li>les adh\u00e9sifs\u00a0: habillage de v\u00e9hicules par exemple,<\/li>\n<li>les affichages r\u00e9tro \u00e9clair\u00e9s,<\/li>\n<li>les PLV,<\/li>\n<li>les emballages,<\/li>\n<li>le textile\u2026<\/li>\n<\/ul>\n<p>[\/vc_column_text][\/vc_column][\/vc_row][vc_row full_width=\u00a0\u00bbstretch_row\u00a0\u00bb css=\u00a0\u00bb.vc_custom_1632167828542{margin-top: -60px !important;}\u00a0\u00bb][vc_column][vc_column_text]L\u2019impression num\u00e9rique permet des tirages \u00e0 la demande pour le packaging et le livre (gestion des travaux via Internet \u2013 web to print). C\u2019est une technique qui offre des d\u00e9lais tr\u00e8s courts en restant \u00e9conomique. Elle est utilisable sur une tr\u00e8s grande gamme de supports.<\/p>\n<p>Cependant les consommables num\u00e9riques sont plus chers que les consommables offset et le rendu des couleurs est m\u00e9diocre. Enfin sur les supports destin\u00e9s \u00e0 \u00eatre en ext\u00e9rieur, la pose d\u2019un vernis est n\u00e9cessaire pour une meilleure tenue des couleurs.[\/vc_column_text][\/vc_column][\/vc_row][vc_row full_width=\u00a0\u00bbstretch_row\u00a0\u00bb gap=\u00a0\u00bb25&Prime;][vc_column width=\u00a0\u00bb1\/2&Prime;][vc_column_text]<b>IMPRESSION NUM\u00c9RIQUE EN LASER<\/b><\/p>\n<p>Le laser se distingue par sa finesse et l\u2019intensit\u00e9 du rendu d\u2019impression. Mais tous les supports d\u2019impression ne peuvent r\u00e9sister aux temp\u00e9ratures exerc\u00e9es par le laser (environ 200\u00b0C). L\u2019encre rev\u00eat l\u2019aspect d\u2019une poudre qu\u2019on appelle \u00ab\u00a0toner\u00a0\u00bb et vient s\u2019appliquer sur le papier ou le support par effet \u00e9lectrostatique. La poudre est alors fondue et ne fait plus qu\u2019un avec la surface d\u2019impression.<\/p>\n<p>Avantages:<\/p>\n<ul>\n<li>Grande qualit\u00e9 d\u2019impression.<\/li>\n<li>Au moins 2 fois plus rapide que les impressions \u00e0 jet d\u2019encre.<\/li>\n<li>R\u00e9serve de toner longue dur\u00e9e (une cartouche de toner suffit \u00e0 l\u2019impression de milliers de feuilles).<\/li>\n<li>L\u2019impression n\u2019\u00e9met presque pas de bruit: un silence appr\u00e9ciable lors des impressions en s\u00e9rie.<\/li>\n<li>Excellente option pour imprimer des textes et graphiques.<\/li>\n<\/ul>\n<p>[\/vc_column_text][\/vc_column][vc_column width=\u00a0\u00bb1\/2&Prime;][vc_single_image image=\u00a0\u00bb3374&Prime; img_size=\u00a0\u00bbfull\u00a0\u00bb alignment=\u00a0\u00bbcenter\u00a0\u00bb][\/vc_column][\/vc_row][vc_row full_width=\u00a0\u00bbstretch_row\u00a0\u00bb gap=\u00a0\u00bb25&Prime;][vc_column width=\u00a0\u00bb1\/2&Prime;][vc_single_image image=\u00a0\u00bb3376&Prime; img_size=\u00a0\u00bbfull\u00a0\u00bb alignment=\u00a0\u00bbcenter\u00a0\u00bb][\/vc_column][vc_column width=\u00a0\u00bb1\/2&Prime;][vc_column_text]<strong>IMPRESSION EN JET D&rsquo;ENCRE<\/strong><\/p>\n<p>PROC\u00c9D\u00c9<\/p>\n<p>L\u2019impression se fait au moyen d\u2019un jet d\u2019encre continu sur le papier. L\u2019encre est d\u00e9vi\u00e9e par une charge \u00e9lectrique afin de reconstituer l\u2019image.<\/p>\n<p>DOMAINES\u00a0PR\u00c9F\u00c9RENTIELS<\/p>\n<p>L\u2019impression num\u00e9rique jet d\u2019encre est utilis\u00e9e pour les grands tirages. Elle se fait souvent sur des grands, voire tr\u00e8s grands formats pour\u00a0:<\/p>\n<ul>\n<li>les factures, les relev\u00e9s de comptes, les tickets et les re\u00e7us,<\/li>\n<li>les documents de marketing direct,<\/li>\n<li>les panneaux et affiches,<\/li>\n<li>les b\u00e2ches publicitaires\u2026<\/li>\n<\/ul>\n<p>AVANTAGES\u00a0: En jet d\u2019encre, les machines feuille \u00e0 feuille offrent aujourd\u2019hui des qualit\u00e9s et des vitesses \u00e9quivalentes \u00e0 l\u2019offset. Elles pr\u00e9sentent donc une alternative \u00e0 cette derni\u00e8re technique. La gamme de supports utilisables est grande.[\/vc_column_text][\/vc_column][\/vc_row]<\/p>\n<\/div>","protected":false},"excerpt":{"rendered":"<p>[vc_row css=\u00a0\u00bb.vc_custom_1509557626027{padding-top: 20px !important;padding-bottom: 0px !important;}\u00a0\u00bb][vc_column][revaldak_headings headings_title=\u00a0\u00bbIMPRESSION NUM\u00c9RIQUE\u00a0\u00bb headings_subtitle=\u00a0\u00bb\u00a0\u00bb headings_subtitle_tag=\u00a0\u00bbp\u00a0\u00bb headings_separator=\u00a0\u00bbborder\u00a0\u00bb headings_separator_border_color=\u00a0\u00bb#49d0e5&Prime; revaldak_heading_font_weight=\u00a0\u00bb400&Prime; revaldak_heading_color=\u00a0\u00bb#000000&Prime; revaldak_sub_heading_font_weight=\u00a0\u00bb400&Prime; revaldak_sub_heading_color=\u00a0\u00bb#8a8a8a\u00a0\u00bb revaldak_heading_spacing=\u00a0\u00bb20px\u00a0\u00bb revaldak_heading_font_size=\u00a0\u00bb35&Prime;][\/vc_column][\/vc_row][vc_row full_width=\u00a0\u00bbstretch_row\u00a0\u00bb gap=\u00a0\u00bb25&Prime;][vc_column width=\u00a0\u00bb1\/2&Prime;][vc_single_image image=\u00a0\u00bb3375&Prime; img_size=\u00a0\u00bbfull\u00a0\u00bb alignment=\u00a0\u00bbcenter\u00a0\u00bb][\/vc_column][vc_column width=\u00a0\u00bb1\/2&Prime;][vc_column_text]Il existe deux formes d\u2019impression num\u00e9rique : en jet d\u2019encre ou en laser. Cependant leur principe de base est le m\u00eame, et il est tr\u00e8s diff\u00e9rent des autres techniques d\u2019impression. Diff\u00e9rence [&hellip;]<\/p>\n","protected":false},"author":1,"featured_media":0,"parent":0,"menu_order":0,"comment_status":"closed","ping_status":"closed","template":"","meta":{"footnotes":""},"class_list":["post-3401","page","type-page","status-publish","hentry"],"_links":{"self":[{"href":"http:\/\/www.imprimerie-ihs.ci\/index.php\/wp-json\/wp\/v2\/pages\/3401","targetHints":{"allow":["GET"]}}],"collection":[{"href":"http:\/\/www.imprimerie-ihs.ci\/index.php\/wp-json\/wp\/v2\/pages"}],"about":[{"href":"http:\/\/www.imprimerie-ihs.ci\/index.php\/wp-json\/wp\/v2\/types\/page"}],"author":[{"embeddable":true,"href":"http:\/\/www.imprimerie-ihs.ci\/index.php\/wp-json\/wp\/v2\/users\/1"}],"replies":[{"embeddable":true,"href":"http:\/\/www.imprimerie-ihs.ci\/index.php\/wp-json\/wp\/v2\/comments?post=3401"}],"version-history":[{"count":0,"href":"http:\/\/www.imprimerie-ihs.ci\/index.php\/wp-json\/wp\/v2\/pages\/3401\/revisions"}],"wp:attachment":[{"href":"http:\/\/www.imprimerie-ihs.ci\/index.php\/wp-json\/wp\/v2\/media?parent=3401"}],"curies":[{"name":"wp","href":"https:\/\/api.w.org\/{rel}","templated":true}]}}