{"id":3400,"date":"2021-09-17T13:29:25","date_gmt":"2021-09-17T11:29:25","guid":{"rendered":"http:\/\/www.ivoirehs.net\/?page_id=3400"},"modified":"2021-09-20T21:48:12","modified_gmt":"2021-09-20T19:48:12","slug":"pao-prepresse","status":"publish","type":"page","link":"http:\/\/www.imprimerie-ihs.ci\/index.php\/pao-prepresse\/","title":{"rendered":"PAO &#038; PREPRESSE"},"content":{"rendered":"<div class=\"wpb-content-wrapper\"><p>[vc_row gap=\u00a0\u00bb25&Prime; css=\u00a0\u00bb.vc_custom_1631892454594{margin-top: -15px !important;}\u00a0\u00bb][vc_column][revaldak_headings headings_title=\u00a0\u00bbPAO &amp; PR\u00c9PRESSE\u00a0\u00bb headings_subtitle=\u00a0\u00bb\u00a0\u00bb revaldak_heading_font_size=\u00a0\u00bb35&Prime;][\/vc_column][\/vc_row][vc_row full_width=\u00a0\u00bbstretch_row\u00a0\u00bb gap=\u00a0\u00bb25&Prime; css=\u00a0\u00bb.vc_custom_1632167801050{margin-top: -10px !important;}\u00a0\u00bb][vc_column width=\u00a0\u00bb1\/2&Prime;][revaldak_empty_spaces height_tablet=\u00a0\u00bb15&Prime; height_desktop=\u00a0\u00bb20&Prime; height_mobile=\u00a0\u00bb0&Prime;][vc_single_image image=\u00a0\u00bb3349&Prime; img_size=\u00a0\u00bbfull\u00a0\u00bb alignment=\u00a0\u00bbcenter\u00a0\u00bb][\/vc_column][vc_column width=\u00a0\u00bb1\/2&Prime;][revaldak_text_icon box_title=\u00a0\u00bbPr\u00e9presse\u00a0\u00bb box_title_color=\u00a0\u00bb#000000&Prime; box_content=\u00a0\u00bbLa pr\u00e9presse est r\u00e9alis\u00e9e \u00e0 partir d\u2019outils de PAO (Publication Assist\u00e9e par Ordinateur) ultra-performants, qui concernent notamment la suite de logiciels Adobe (Photoshop, Indesign, Illustrator) ou encore les derniers modules Xpress.\u00a0\u00bb box_content_color=\u00a0\u00bb#000000&Prime;][revaldak_text_icon box_title=\u00a0\u00bbUn service de pr\u00e9presse int\u00e9gr\u00e9\u00a0\u00bb box_title_color=\u00a0\u00bb#000000&Prime; box_content=\u00a0\u00bbLe service de pr\u00e9presse int\u00e9gr\u00e9 \u00e0 l\u2019organisation centrale de Point de Rep\u00e8re pr\u00e9pare les futurs documents \u00e0 imprimer de mani\u00e8re ad\u00e9quate afin de faciliter le processus d\u2019impression.\u00a0\u00bb box_content_color=\u00a0\u00bb#000000&Prime;][revaldak_text_icon box_title=\u00a0\u00bbPAO\u00a0\u00bb box_title_color=\u00a0\u00bb#000000&Prime; box_content=\u00a0\u00bbUn op\u00e9rateur PAO \u00e0 votre service<br \/>\n\u00c0 partir de la d\u00e9finition de vos besoins et de vos attentes, les \u00e9l\u00e9ments de texte, d\u2019image et de charte graphique sont transmis \u00e0 un op\u00e9rateur PAO qui r\u00e9alise la mise en page \u00e0 l\u2019aide de l\u2019outil informatique. Celle-ci int\u00e8gre de fa\u00e7on homog\u00e8ne l\u2019ensemble des contraintes techniques n\u00e9cessaires \u00e0 la r\u00e9alisation du document souhait\u00e9\u00a0\u00bb box_content_color=\u00a0\u00bb#000000&Prime;][\/vc_column][\/vc_row][vc_row full_width=\u00a0\u00bbstretch_row\u00a0\u00bb gap=\u00a0\u00bb25&Prime; css=\u00a0\u00bb.vc_custom_1632167806647{margin-top: -15px !important;}\u00a0\u00bb][vc_column][revaldak_text_icon box_title=\u00a0\u00bbContr\u00f4le et validation\u00a0\u00bb box_title_color=\u00a0\u00bb#000000&Prime; box_content=\u00a0\u00bbVotre dossier est \u00e9labor\u00e9 par un sp\u00e9cialiste de la PAO qui effectue la mise en page et vous fait parvenir le BAT (bon \u00e0 tirer). Apr\u00e8s sa validation, les graphistes pr\u00e9parent l\u2019imposition.\u00a0\u00bb box_content_color=\u00a0\u00bb#000000&Prime;][revaldak_text_icon box_title=\u00a0\u00bbImposition et transmission des donn\u00e9es\u00a0\u00bb box_title_color=\u00a0\u00bb#000000&Prime; box_content=\u00a0\u00bbAutre \u00e9tape de la pr\u00e9presse, l\u2019imposition \u00e9lectronique consiste \u00e0 placer sur une grande feuille appel\u00e9e \u00ab la forme \u00bb les pages de l\u2019ouvrage afin d\u2019obtenir, une fois pli\u00e9es, une sorte de cahier qui sera par la suite fa\u00e7onn\u00e9 et d\u00e9coup\u00e9. L\u00e0 encore, l\u2019utilisation d\u2019infrastructures de haute technologie permet un travail d\u2019une grande pr\u00e9cision. Une fois assembl\u00e9s, les fichiers num\u00e9riques sont distill\u00e9s vers une flasheuse (imageuse) \u00e0 films (CTF) ou \u00e0 plaques (CTP) dans le cas d\u2019une impression offset (pr\u00e9paration des\u00a0\u00bb box_content_color=\u00a0\u00bb#000000&Prime;][\/vc_column][\/vc_row]<\/p>\n<\/div>","protected":false},"excerpt":{"rendered":"<p>[vc_row gap=\u00a0\u00bb25&Prime; css=\u00a0\u00bb.vc_custom_1631892454594{margin-top: -15px !important;}\u00a0\u00bb][vc_column][revaldak_headings headings_title=\u00a0\u00bbPAO &amp; PR\u00c9PRESSE\u00a0\u00bb headings_subtitle=\u00a0\u00bb\u00a0\u00bb revaldak_heading_font_size=\u00a0\u00bb35&Prime;][\/vc_column][\/vc_row][vc_row full_width=\u00a0\u00bbstretch_row\u00a0\u00bb gap=\u00a0\u00bb25&Prime; css=\u00a0\u00bb.vc_custom_1632167801050{margin-top: -10px !important;}\u00a0\u00bb][vc_column width=\u00a0\u00bb1\/2&Prime;][revaldak_empty_spaces height_tablet=\u00a0\u00bb15&Prime; height_desktop=\u00a0\u00bb20&Prime; height_mobile=\u00a0\u00bb0&Prime;][vc_single_image image=\u00a0\u00bb3349&Prime; img_size=\u00a0\u00bbfull\u00a0\u00bb alignment=\u00a0\u00bbcenter\u00a0\u00bb][\/vc_column][vc_column width=\u00a0\u00bb1\/2&Prime;][revaldak_text_icon box_title=\u00a0\u00bbPr\u00e9presse\u00a0\u00bb box_title_color=\u00a0\u00bb#000000&Prime; box_content=\u00a0\u00bbLa pr\u00e9presse est r\u00e9alis\u00e9e \u00e0 partir d\u2019outils de PAO (Publication Assist\u00e9e par Ordinateur) ultra-performants, qui concernent notamment la suite de logiciels Adobe (Photoshop, Indesign, Illustrator) ou encore les derniers modules [&hellip;]<\/p>\n","protected":false},"author":1,"featured_media":0,"parent":0,"menu_order":0,"comment_status":"closed","ping_status":"closed","template":"","meta":{"footnotes":""},"class_list":["post-3400","page","type-page","status-publish","hentry"],"_links":{"self":[{"href":"http:\/\/www.imprimerie-ihs.ci\/index.php\/wp-json\/wp\/v2\/pages\/3400","targetHints":{"allow":["GET"]}}],"collection":[{"href":"http:\/\/www.imprimerie-ihs.ci\/index.php\/wp-json\/wp\/v2\/pages"}],"about":[{"href":"http:\/\/www.imprimerie-ihs.ci\/index.php\/wp-json\/wp\/v2\/types\/page"}],"author":[{"embeddable":true,"href":"http:\/\/www.imprimerie-ihs.ci\/index.php\/wp-json\/wp\/v2\/users\/1"}],"replies":[{"embeddable":true,"href":"http:\/\/www.imprimerie-ihs.ci\/index.php\/wp-json\/wp\/v2\/comments?post=3400"}],"version-history":[{"count":0,"href":"http:\/\/www.imprimerie-ihs.ci\/index.php\/wp-json\/wp\/v2\/pages\/3400\/revisions"}],"wp:attachment":[{"href":"http:\/\/www.imprimerie-ihs.ci\/index.php\/wp-json\/wp\/v2\/media?parent=3400"}],"curies":[{"name":"wp","href":"https:\/\/api.w.org\/{rel}","templated":true}]}}