{"id":3279,"date":"2016-05-09T16:49:10","date_gmt":"2016-05-09T16:49:10","guid":{"rendered":"http:\/\/themes.webdevia.com\/factory\/?page_id=5"},"modified":"2023-10-06T09:50:55","modified_gmt":"2023-10-06T09:50:55","slug":"homepage","status":"publish","type":"page","link":"http:\/\/www.imprimerie-ihs.ci\/","title":{"rendered":"Accueil"},"content":{"rendered":"<div class=\"wpb-content-wrapper\"><p>[vc_row][vc_column][rev_slider_vc alias=\u00a0\u00bbslider-1&Prime;][\/vc_column][\/vc_row][vc_row full_width=\u00a0\u00bbstretch_row_content_no_spaces\u00a0\u00bb][vc_column width=\u00a0\u00bb1\/3&Prime; css=\u00a0\u00bb.vc_custom_1508506854748{padding-top: 40px !important;padding-right: 40px !important;padding-bottom: 40px !important;padding-left: 40px !important;background-color: #9a59b5 !important;}\u00a0\u00bb][revaldak_headings headings_title=\u00a0\u00bbImpression de qualit\u00e9\u00a0\u00bb headings_subtitle=\u00a0\u00bbNous offrons la meilleure qualit\u00e9\u00a0\u00bb headings_subtitle_tag=\u00a0\u00bbp\u00a0\u00bb headings_layout=\u00a0\u00bbt-under-s\u00a0\u00bb headings_alignment=\u00a0\u00bbleft\u00a0\u00bb revaldak_heading_font_weight=\u00a0\u00bb900&Prime; revaldak_heading_color=\u00a0\u00bb#ffffff\u00a0\u00bb revaldak_sub_heading_font_weight=\u00a0\u00bb400&Prime; revaldak_sub_heading_color=\u00a0\u00bb#ffffff\u00a0\u00bb revaldak_heading_spacing=\u00a0\u00bb-22px\u00a0\u00bb revaldak_heading_font_size=\u00a0\u00bb32&Prime; revaldak_sub_heading_font_size=\u00a0\u00bb15&Prime;][revaldak_empty_spaces height_mobile=\u00a0\u00bb20&Prime; height_tablet=\u00a0\u00bb30&Prime; height_desktop=\u00a0\u00bb30&Prime;][revaldak_headings headings_title=\u00a0\u00bbNotre QUALITE d\u2019impression au standard international pour satisfaire vos exigences\u00a0\u00bb headings_title_tag=\u00a0\u00bbp\u00a0\u00bb headings_subtitle=\u00a0\u00bb\u00a0\u00bb headings_layout=\u00a0\u00bbt-only\u00a0\u00bb headings_alignment=\u00a0\u00bbleft\u00a0\u00bb revaldak_heading_font_weight=\u00a0\u00bb400&Prime; revaldak_heading_color=\u00a0\u00bb#ffffff\u00a0\u00bb revaldak_sub_heading_font_weight=\u00a0\u00bb400&Prime; revaldak_heading_font_size=\u00a0\u00bb18&Prime;][revaldak_empty_spaces height_mobile=\u00a0\u00bb20&Prime; height_tablet=\u00a0\u00bb30&Prime; height_desktop=\u00a0\u00bb30&Prime;][vc_btn title=\u00a0\u00bbEn savoir plus\u00a0\u00bb style=\u00a0\u00bbcustom\u00a0\u00bb custom_background=\u00a0\u00bb#9a59b5&Prime; custom_text=\u00a0\u00bb#ffffff\u00a0\u00bb shape=\u00a0\u00bbround\u00a0\u00bb align=\u00a0\u00bbleft\u00a0\u00bb el_class=\u00a0\u00bbcustom-bordered-btn\u00a0\u00bb link=\u00a0\u00bburl:http%3A%2F%2Fwww.ivoirehs.net%2Findex.php%2Fabout%2F\u00a0\u00bb][\/vc_column][vc_column width=\u00a0\u00bb1\/3&Prime; css=\u00a0\u00bb.vc_custom_1508506869746{padding-top: 40px !important;padding-right: 40px !important;padding-bottom: 40px !important;padding-left: 40px !important;background-color: #f1c40f !important;}\u00a0\u00bb][revaldak_headings headings_title=\u00a0\u00bbRapide &#8211; Efficace\u00a0\u00bb headings_subtitle=\u00a0\u00bbNous travaillons avec passion\u00a0\u00bb headings_subtitle_tag=\u00a0\u00bbp\u00a0\u00bb headings_layout=\u00a0\u00bbt-under-s\u00a0\u00bb headings_alignment=\u00a0\u00bbleft\u00a0\u00bb revaldak_heading_font_weight=\u00a0\u00bb900&Prime; revaldak_heading_color=\u00a0\u00bb#ffffff\u00a0\u00bb revaldak_sub_heading_font_weight=\u00a0\u00bb400&Prime; revaldak_sub_heading_color=\u00a0\u00bb#ffffff\u00a0\u00bb revaldak_heading_spacing=\u00a0\u00bb-22px\u00a0\u00bb revaldak_heading_font_size=\u00a0\u00bb32&Prime; revaldak_sub_heading_font_size=\u00a0\u00bb15&Prime;][revaldak_empty_spaces height_mobile=\u00a0\u00bb20&Prime; height_tablet=\u00a0\u00bb30&Prime; height_desktop=\u00a0\u00bb30&Prime;][revaldak_headings headings_title=\u00a0\u00bbNotre RAPIDITE de production, avec des machines moderne de technologie de pointe, pour traiter vos urgences\u00a0\u00bb headings_title_tag=\u00a0\u00bbp\u00a0\u00bb headings_subtitle=\u00a0\u00bb\u00a0\u00bb headings_layout=\u00a0\u00bbt-only\u00a0\u00bb headings_alignment=\u00a0\u00bbleft\u00a0\u00bb revaldak_heading_font_weight=\u00a0\u00bb400&Prime; revaldak_heading_color=\u00a0\u00bb#ffffff\u00a0\u00bb revaldak_sub_heading_font_weight=\u00a0\u00bb400&Prime; revaldak_heading_font_size=\u00a0\u00bb18&Prime;][revaldak_empty_spaces height_mobile=\u00a0\u00bb20&Prime; height_tablet=\u00a0\u00bb30&Prime; height_desktop=\u00a0\u00bb30&Prime;][vc_btn title=\u00a0\u00bbNos services\u00a0\u00bb style=\u00a0\u00bbcustom\u00a0\u00bb custom_background=\u00a0\u00bb#f1c40f\u00a0\u00bb custom_text=\u00a0\u00bb#ffffff\u00a0\u00bb shape=\u00a0\u00bbround\u00a0\u00bb align=\u00a0\u00bbleft\u00a0\u00bb css=\u00a0\u00bb.vc_custom_1631948406043{border-radius: 1px !important;}\u00a0\u00bb el_class=\u00a0\u00bbcustom-bordered-btn\u00a0\u00bb link=\u00a0\u00bburl:%23services\u00a0\u00bb][\/vc_column][vc_column width=\u00a0\u00bb1\/3&Prime; css=\u00a0\u00bb.vc_custom_1508506879521{padding-top: 40px !important;padding-right: 40px !important;padding-bottom: 40px !important;padding-left: 40px !important;background-color: #e84c3d !important;}\u00a0\u00bb][revaldak_headings headings_title=\u00a0\u00bbAccessible\u00a0\u00bb headings_subtitle=\u00a0\u00bbNous le faisons pour tous\u00a0\u00bb headings_subtitle_tag=\u00a0\u00bbp\u00a0\u00bb headings_layout=\u00a0\u00bbt-under-s\u00a0\u00bb headings_alignment=\u00a0\u00bbleft\u00a0\u00bb revaldak_heading_font_weight=\u00a0\u00bb900&Prime; revaldak_heading_color=\u00a0\u00bb#ffffff\u00a0\u00bb revaldak_sub_heading_font_weight=\u00a0\u00bb400&Prime; revaldak_sub_heading_color=\u00a0\u00bb#ffffff\u00a0\u00bb revaldak_heading_spacing=\u00a0\u00bb-22px\u00a0\u00bb revaldak_heading_font_size=\u00a0\u00bb32&Prime; revaldak_sub_heading_font_size=\u00a0\u00bb15&Prime;][revaldak_empty_spaces height_mobile=\u00a0\u00bb20&Prime; height_tablet=\u00a0\u00bb30&Prime; height_desktop=\u00a0\u00bb30&Prime;][revaldak_headings headings_title=\u00a0\u00bbNos TARIFS accessibles et hautement comp\u00e9titifs pour int\u00e9grer vos contraintes et vous s\u00e9duire\u00a0\u00bb headings_title_tag=\u00a0\u00bbp\u00a0\u00bb headings_subtitle=\u00a0\u00bb\u00a0\u00bb headings_layout=\u00a0\u00bbt-only\u00a0\u00bb headings_alignment=\u00a0\u00bbleft\u00a0\u00bb revaldak_heading_font_weight=\u00a0\u00bb400&Prime; revaldak_heading_color=\u00a0\u00bb#ffffff\u00a0\u00bb revaldak_sub_heading_font_weight=\u00a0\u00bb400&Prime; revaldak_heading_font_size=\u00a0\u00bb18&Prime;][revaldak_empty_spaces height_mobile=\u00a0\u00bb20&Prime; height_tablet=\u00a0\u00bb30&Prime; height_desktop=\u00a0\u00bb30&Prime;][vc_btn title=\u00a0\u00bbCommander\u00a0\u00bb style=\u00a0\u00bbcustom\u00a0\u00bb custom_background=\u00a0\u00bb#e84c3d\u00a0\u00bb custom_text=\u00a0\u00bb#ffffff\u00a0\u00bb shape=\u00a0\u00bbround\u00a0\u00bb align=\u00a0\u00bbleft\u00a0\u00bb css=\u00a0\u00bb.vc_custom_1631948368213{border-radius: 2px !important;}\u00a0\u00bb el_class=\u00a0\u00bbcustom-bordered-btn\u00a0\u00bb link=\u00a0\u00bburl:http%3A%2F%2Fwww.ivoirehs.net%2Findex.php%2Fquotes-2%2F\u00a0\u00bb][\/vc_column][\/vc_row][vc_row][vc_column width=\u00a0\u00bb1\/2&Prime;][revaldak_empty_spaces height_mobile=\u00a0\u00bb20&Prime; height_tablet=\u00a0\u00bb40&Prime; height_desktop=\u00a0\u00bb100&Prime;][revaldak_headings headings_title=\u00a0\u00bbBienvenue \u00e0 l&rsquo;imprimerie HS\u00a0\u00bb headings_subtitle=\u00a0\u00bbNous sommes votre partenaire pour l&rsquo;avenir\u00a0\u00bb headings_subtitle_tag=\u00a0\u00bbp\u00a0\u00bb headings_alignment=\u00a0\u00bbleft\u00a0\u00bb headings_separator=\u00a0\u00bbborder\u00a0\u00bb headings_separator_border_color=\u00a0\u00bb#49d0e5&Prime; revaldak_heading_font_weight=\u00a0\u00bb700&Prime; revaldak_heading_color=\u00a0\u00bb#020202&Prime; revaldak_sub_heading_font_weight=\u00a0\u00bb400&Prime; revaldak_sub_heading_color=\u00a0\u00bb#8a8a8a\u00a0\u00bb revaldak_heading_spacing=\u00a0\u00bb20px\u00a0\u00bb revaldak_heading_font_size=\u00a0\u00bb35&Prime;][vc_column_text]<span style=\"color: #000000;\"><em>Imprimerie HS est une imprimerie bas\u00e9e \u00e0 Abidjan, Adjam\u00e9 220 Logements. Notre passion est depuis toujours de mobiliser notre savoir-faire et les techniques les plus novatrices au service de l&rsquo;impression de vos supports de communication.<\/em><\/span><\/p>\n<p><em>Parce que le monde graphique et ses techniques \u00e9voluent constamment, nous privil\u00e9gions la relation humaine<\/em>[\/vc_column_text][vc_btn title=\u00a0\u00bbEn savoir plus\u00a0\u00bb style=\u00a0\u00bbcustom\u00a0\u00bb custom_background=\u00a0\u00bb#9a59b5&Prime; custom_text=\u00a0\u00bb#ffffff\u00a0\u00bb shape=\u00a0\u00bbround\u00a0\u00bb align=\u00a0\u00bbleft\u00a0\u00bb el_class=\u00a0\u00bbcustom-bordered-btn\u00a0\u00bb][\/vc_column][vc_column width=\u00a0\u00bb1\/12&Prime;][\/vc_column][vc_column width=\u00a0\u00bb5\/12&Prime;][revaldak_empty_spaces height_mobile=\u00a0\u00bb20&Prime; height_tablet=\u00a0\u00bb40&Prime; height_desktop=\u00a0\u00bb100&Prime;][vc_single_image image=\u00a0\u00bb3121&Prime; img_size=\u00a0\u00bbfull\u00a0\u00bb alignment=\u00a0\u00bbcenter\u00a0\u00bb][\/vc_column][\/vc_row][vc_row full_width=\u00a0\u00bbstretch_row\u00a0\u00bb css=\u00a0\u00bb.vc_custom_1508584315694{background-color: #f1f4f9 !important;}\u00a0\u00bb][vc_column][revaldak_headings headings_title=\u00a0\u00bbNotre proc\u00e9dure de travail\u00a0\u00bb headings_subtitle=\u00a0\u00bbDe la commande \u00e0 la livraison, nous traitons vos besoins avec professionnalisme\u00a0\u00bb headings_subtitle_tag=\u00a0\u00bbp\u00a0\u00bb headings_alignment=\u00a0\u00bbleft\u00a0\u00bb headings_separator=\u00a0\u00bbborder\u00a0\u00bb headings_separator_border_color=\u00a0\u00bb#49d0e5&Prime; revaldak_heading_font_weight=\u00a0\u00bb700&Prime; revaldak_heading_color=\u00a0\u00bb#020202&Prime; revaldak_sub_heading_font_weight=\u00a0\u00bb400&Prime; revaldak_sub_heading_color=\u00a0\u00bb#8a8a8a\u00a0\u00bb revaldak_heading_spacing=\u00a0\u00bb20px\u00a0\u00bb revaldak_heading_font_size=\u00a0\u00bb35&Prime;][vc_row_inner css=\u00a0\u00bb.vc_custom_1508849569120{background-color: #f1f4f9 !important;}\u00a0\u00bb el_class=\u00a0\u00bbsingle-img-logistics\u00a0\u00bb][vc_column_inner width=\u00a0\u00bb1\/3&Prime;][vc_single_image image=\u00a0\u00bb2682&Prime; alignment=\u00a0\u00bbcenter\u00a0\u00bb el_class=\u00a0\u00bbsingle-img-1&Prime;][vc_raw_html]JTNDaDMlM0VSJUMzJUE5Y2VwdGlvbiUyMENvbW1hbmRlJTNDJTJGaDMlM0U=[\/vc_raw_html][\/vc_column_inner][vc_column_inner width=\u00a0\u00bb1\/3&Prime;][vc_single_image image=\u00a0\u00bb2683&Prime; alignment=\u00a0\u00bbcenter\u00a0\u00bb el_class=\u00a0\u00bbsingle-img-2&Prime;][vc_raw_html]JTNDaDMlM0VJbXByZXNzaW9uJTNDJTJGaDMlM0U=[\/vc_raw_html][\/vc_column_inner][vc_column_inner width=\u00a0\u00bb1\/3&Prime;][vc_single_image image=\u00a0\u00bb2684&Prime; alignment=\u00a0\u00bbcenter\u00a0\u00bb el_class=\u00a0\u00bbsingle-img-3&Prime;][vc_raw_html]JTNDaDMlM0VMaXZyYWlzb24lMjBkYW5zJTIwbGVzJTIwZCVDMyVBOWxhaXMlM0MlMkZoMyUzRQ==[\/vc_raw_html][\/vc_column_inner][\/vc_row_inner][\/vc_column][\/vc_row][vc_row css=\u00a0\u00bb.vc_custom_1631842640412{background-color: #e8e8e8 !important;}\u00a0\u00bb][vc_column width=\u00a0\u00bb5\/12&Prime;][revaldak_empty_spaces height_mobile=\u00a0\u00bb20&Prime; height_tablet=\u00a0\u00bb40&Prime; height_desktop=\u00a0\u00bb100&Prime;][vc_single_image image=\u00a0\u00bb3382&Prime; img_size=\u00a0\u00bbfull\u00a0\u00bb alignment=\u00a0\u00bbcenter\u00a0\u00bb][\/vc_column][vc_column width=\u00a0\u00bb1\/2&Prime; css=\u00a0\u00bb.vc_custom_1631842713404{padding-left: 20px !important;}\u00a0\u00bb][revaldak_empty_spaces height_mobile=\u00a0\u00bb20&Prime; height_tablet=\u00a0\u00bb40&Prime; height_desktop=\u00a0\u00bb100&Prime;][revaldak_headings headings_title=\u00a0\u00bbLivraison\u00a0\u00bb headings_subtitle=\u00a0\u00bb\u00a0\u00bb headings_subtitle_tag=\u00a0\u00bbp\u00a0\u00bb headings_alignment=\u00a0\u00bbleft\u00a0\u00bb headings_separator=\u00a0\u00bbborder\u00a0\u00bb headings_separator_border_color=\u00a0\u00bb#49d0e5&Prime; revaldak_heading_font_weight=\u00a0\u00bb700&Prime; revaldak_heading_color=\u00a0\u00bb#020202&Prime; revaldak_sub_heading_font_weight=\u00a0\u00bb400&Prime; revaldak_sub_heading_color=\u00a0\u00bb#8a8a8a\u00a0\u00bb revaldak_heading_spacing=\u00a0\u00bb20px\u00a0\u00bb revaldak_heading_font_size=\u00a0\u00bb35&Prime;][vc_column_text]Une fois votre commande d\u2019impression r\u00e9alis\u00e9e par ivoire HS, vous aurez les informations de livraison disponibles en temps r\u00e9el.<\/p>\n<p>Trois statuts peuvent vous \u00eatre indiqu\u00e9s afin de suivre vos documents imprim\u00e9s :<\/p>\n<ol>\n<li><strong>Traitement en cours :<\/strong> vos supports de communication \u2013 flyers, affiches, cartes\u2026- sont en cours d\u2019impression et de conditionnement,<\/li>\n<li><strong>En cours de livraison :<\/strong> le livreur est en mouvement vers le lieu indiquer pour la livraison.<\/li>\n<li><strong>Livr\u00e9 :<\/strong> vous \u00eates peut-\u00eatre d\u00e9j\u00e0 en train de distribuer vos flyers ou vos cartes de visites ! Si vous souhaitez avoir une information plus pr\u00e9cise vous pourriez contacter notre service livraison <strong>IVOIRE HS LIVRAISON<\/strong><\/li>\n<\/ol>\n<p>[\/vc_column_text][\/vc_column][vc_column width=\u00a0\u00bb1\/12&Prime;][\/vc_column][\/vc_row][vc_row full_width=\u00a0\u00bbstretch_row\u00a0\u00bb css=\u00a0\u00bb.vc_custom_1631948386181{background-color: #f1f4f9 !important;}\u00a0\u00bb el_id=\u00a0\u00bbservices\u00a0\u00bb][vc_column][revaldak_headings headings_title=\u00a0\u00bbNos services\u00a0\u00bb headings_subtitle=\u00a0\u00bb\u00a0\u00bb headings_subtitle_tag=\u00a0\u00bbp\u00a0\u00bb headings_alignment=\u00a0\u00bbleft\u00a0\u00bb headings_separator=\u00a0\u00bbborder\u00a0\u00bb headings_separator_border_color=\u00a0\u00bb#49d0e5&Prime; revaldak_heading_font_weight=\u00a0\u00bb700&Prime; revaldak_heading_color=\u00a0\u00bb#020202&Prime; revaldak_sub_heading_font_weight=\u00a0\u00bb400&Prime; revaldak_sub_heading_color=\u00a0\u00bb#8a8a8a\u00a0\u00bb revaldak_heading_spacing=\u00a0\u00bb20px\u00a0\u00bb revaldak_heading_font_size=\u00a0\u00bb35&Prime;][\/vc_column][\/vc_row][vc_row full_width=\u00a0\u00bbstretch_row_content_no_spaces\u00a0\u00bb][vc_column width=\u00a0\u00bb1\/2&Prime; css=\u00a0\u00bb.vc_custom_1631841081704{padding-top: 40px !important;padding-right: 40px !important;padding-bottom: 40px !important;padding-left: 40px !important;background-color: #e4f2cd !important;}\u00a0\u00bb][revaldak_image_with_text layout=\u00a0\u00bb1&Prime; title=\u00a0\u00bbIMPRESSION NUM\u00c9RIQUE\u00a0\u00bb text=\u00a0\u00bbNous vous offrons le meilleur des deux mondes avec la presse couleur : un service personnalis\u00e9 et une vitesse d\u2019impression exceptionnelle, le tout dans un environnement contr\u00f4l\u00e9. La justesse des couleurs et l\u2019addition d\u2019un vernis clair garantiront la qualit\u00e9 de votre produit!\u00a0\u00bb image=\u00a0\u00bb3375&Prime;][vc_btn title=\u00a0\u00bbEn savoir plus\u00a0\u00bb style=\u00a0\u00bbcustom\u00a0\u00bb custom_background=\u00a0\u00bb#9a59b5&Prime; custom_text=\u00a0\u00bb#ffffff\u00a0\u00bb shape=\u00a0\u00bbround\u00a0\u00bb align=\u00a0\u00bbleft\u00a0\u00bb el_class=\u00a0\u00bbcustom-bordered-btn\u00a0\u00bb link=\u00a0\u00bburl:http%3A%2F%2Fwww.ivoirehs.net%2Findex.php%2Fimpression-numerique%2F\u00a0\u00bb][\/vc_column][vc_column width=\u00a0\u00bb1\/2&Prime; css=\u00a0\u00bb.vc_custom_1631841893870{padding-top: 40px !important;padding-right: 40px !important;padding-bottom: 100px !important;padding-left: 40px !important;background-color: #d5c3e2 !important;}\u00a0\u00bb][revaldak_image_with_text layout=\u00a0\u00bb1&Prime; title=\u00a0\u00bbIMPRESSION OFFSET\u00a0\u00bb text=\u00a0\u00bbLe proc\u00e9d\u00e9 offset est d\u2019une grande souplesse. Nous pouvons produire une grande quantit\u00e9 et une multitude de vari\u00e9t\u00e9 de produits, tout en multipliant les options propos\u00e9es, sans parler de nos presses HAUTE GAMME qui vous garantissent une qualit\u00e9 exceptionnelle.\u00a0\u00bb image=\u00a0\u00bb3373&Prime;][vc_btn title=\u00a0\u00bbEn savoir plus\u00a0\u00bb style=\u00a0\u00bbcustom\u00a0\u00bb custom_background=\u00a0\u00bb#f2d86f\u00a0\u00bb custom_text=\u00a0\u00bb#ffffff\u00a0\u00bb shape=\u00a0\u00bbround\u00a0\u00bb align=\u00a0\u00bbleft\u00a0\u00bb css=\u00a0\u00bb.vc_custom_1631948467329{border-radius: 1px !important;}\u00a0\u00bb el_class=\u00a0\u00bbcustom-bordered-btn\u00a0\u00bb link=\u00a0\u00bburl:http%3A%2F%2Fwww.ivoirehs.net%2Findex.php%2Foffset%2F\u00a0\u00bb][\/vc_column][\/vc_row][vc_row full_width=\u00a0\u00bbstretch_row_content_no_spaces\u00a0\u00bb][vc_column width=\u00a0\u00bb1\/2&Prime; css=\u00a0\u00bb.vc_custom_1631841135090{padding-top: 40px !important;padding-right: 40px !important;padding-bottom: 40px !important;padding-left: 40px !important;background-color: #d5c3e2 !important;}\u00a0\u00bb][revaldak_image_with_text layout=\u00a0\u00bb1&Prime; title=\u00a0\u00bbFINITION FA\u00c7ONNAGE\u00a0\u00bb text=\u00a0\u00bbLa finition est la derni\u00e8re \u00e9tape \u2014 et non la moindre \u2014 de votre projet : elle fera toute la diff\u00e9rence et vous permettra de vous distinguer de la comp\u00e9tition.<br \/>\nChez IVOIRE HS, notre \u00e9quipe minutieuse prend la finition \u00e0 c\u0153ur.\u00a0\u00bb image=\u00a0\u00bb7&Prime;][vc_btn title=\u00a0\u00bbEn savoir plus\u00a0\u00bb style=\u00a0\u00bbcustom\u00a0\u00bb custom_background=\u00a0\u00bb#f2d560&Prime; custom_text=\u00a0\u00bb#ffffff\u00a0\u00bb shape=\u00a0\u00bbround\u00a0\u00bb align=\u00a0\u00bbleft\u00a0\u00bb css=\u00a0\u00bb.vc_custom_1631948491621{border-radius: 1px !important;}\u00a0\u00bb el_class=\u00a0\u00bbcustom-bordered-btn\u00a0\u00bb link=\u00a0\u00bburl:http%3A%2F%2Fwww.ivoirehs.net%2Findex.php%2Ffinition-faconnage%2F\u00a0\u00bb][\/vc_column][vc_column width=\u00a0\u00bb1\/2&Prime; css=\u00a0\u00bb.vc_custom_1631841081704{padding-top: 40px !important;padding-right: 40px !important;padding-bottom: 40px !important;padding-left: 40px !important;background-color: #e4f2cd !important;}\u00a0\u00bb][revaldak_image_with_text layout=\u00a0\u00bb1&Prime; title=\u00a0\u00bbPAO PREPRESSE\u00a0\u00bb text=\u00a0\u00bbNotre \u00e9quipe de design graphique cr\u00e9ative et performante saura vous conseiller pour la cr\u00e9ation d\u2019un produit d\u2019une qualit\u00e9 optimale et ce, que ce soit simplement pour corriger un ancien fichier ou pour vous proposer une signature visuelle au go\u00fbt du jour.\u00a0\u00bb image=\u00a0\u00bb3349&Prime;][vc_btn title=\u00a0\u00bbEn savoir plus\u00a0\u00bb style=\u00a0\u00bbcustom\u00a0\u00bb custom_background=\u00a0\u00bb#9a59b5&Prime; custom_text=\u00a0\u00bb#ffffff\u00a0\u00bb shape=\u00a0\u00bbround\u00a0\u00bb align=\u00a0\u00bbleft\u00a0\u00bb el_class=\u00a0\u00bbcustom-bordered-btn\u00a0\u00bb link=\u00a0\u00bburl:http%3A%2F%2Fwww.ivoirehs.net%2Findex.php%2Fpao-prepresse%2F|title:PAO%20%26%20PREPRESSE\u00a0\u00bb][\/vc_column][\/vc_row][vc_row full_width=\u00a0\u00bbstretch_row\u00a0\u00bb disable_element=\u00a0\u00bbyes\u00a0\u00bb][vc_column][revaldak_empty_spaces height_mobile=\u00a0\u00bb20&Prime; height_tablet=\u00a0\u00bb40&Prime; height_desktop=\u00a0\u00bb40&Prime;][revaldak_headings headings_title=\u00a0\u00bbQuelques R\u00e9alisations\u00a0\u00bb headings_subtitle=\u00a0\u00bb\u00a0\u00bb headings_subtitle_tag=\u00a0\u00bbp\u00a0\u00bb headings_alignment=\u00a0\u00bbleft\u00a0\u00bb headings_separator=\u00a0\u00bbborder\u00a0\u00bb headings_separator_border_color=\u00a0\u00bb#49d0e5&Prime; revaldak_heading_font_weight=\u00a0\u00bb700&Prime; revaldak_heading_color=\u00a0\u00bb#020202&Prime; revaldak_sub_heading_font_weight=\u00a0\u00bb400&Prime; revaldak_sub_heading_color=\u00a0\u00bb#8a8a8a\u00a0\u00bb revaldak_heading_spacing=\u00a0\u00bb20px\u00a0\u00bb revaldak_heading_font_size=\u00a0\u00bb35&Prime;][revaldak_empty_spaces height_mobile=\u00a0\u00bb20&Prime; height_tablet=\u00a0\u00bb40&Prime; height_desktop=\u00a0\u00bb40&Prime;][wd_vc_portfolio layout=\u00a0\u00bb2&Prime; itemperpage=\u00a0\u00bb6&Prime; number=\u00a0\u00bb6&Prime;][\/vc_column][\/vc_row][vc_row full_width=\u00a0\u00bbstretch_row\u00a0\u00bb][vc_column][revaldak_empty_spaces height_mobile=\u00a0\u00bb20&Prime; height_tablet=\u00a0\u00bb40&Prime; height_desktop=\u00a0\u00bb40&Prime;][revaldak_headings headings_title=\u00a0\u00bbQuelques R\u00e9alisations\u00a0\u00bb headings_subtitle=\u00a0\u00bb\u00a0\u00bb headings_subtitle_tag=\u00a0\u00bbp\u00a0\u00bb headings_alignment=\u00a0\u00bbleft\u00a0\u00bb headings_separator=\u00a0\u00bbborder\u00a0\u00bb headings_separator_border_color=\u00a0\u00bb#49d0e5&Prime; revaldak_heading_font_weight=\u00a0\u00bb700&Prime; revaldak_heading_color=\u00a0\u00bb#020202&Prime; revaldak_sub_heading_font_weight=\u00a0\u00bb400&Prime; revaldak_sub_heading_color=\u00a0\u00bb#8a8a8a\u00a0\u00bb revaldak_heading_spacing=\u00a0\u00bb20px\u00a0\u00bb revaldak_heading_font_size=\u00a0\u00bb35&Prime;][revaldak_empty_spaces height_mobile=\u00a0\u00bb20&Prime; height_tablet=\u00a0\u00bb40&Prime; height_desktop=\u00a0\u00bb40&Prime;][wd_vc_portfolio itemperpage=\u00a0\u00bb6&Prime; number=\u00a0\u00bb6&Prime;][\/vc_column][\/vc_row][vc_row full_width=\u00a0\u00bbstretch_row\u00a0\u00bb css=\u00a0\u00bb.vc_custom_1509122862866{padding-top: 100px !important;padding-bottom: 80px !important;background-color: #e84c3d !important;}\u00a0\u00bb][vc_column width=\u00a0\u00bb3\/4&Prime;][revaldak_headings headings_title=\u00a0\u00bbCommandez d\u00e8s maintenant\u00a0\u00bb headings_subtitle=\u00a0\u00bb\u00a0\u00bb headings_subtitle_tag=\u00a0\u00bbp\u00a0\u00bb headings_alignment=\u00a0\u00bbleft\u00a0\u00bb revaldak_heading_font_weight=\u00a0\u00bb700&Prime; revaldak_heading_color=\u00a0\u00bb#ffffff\u00a0\u00bb revaldak_sub_heading_font_weight=\u00a0\u00bb400&Prime; revaldak_sub_heading_color=\u00a0\u00bb#8a8a8a\u00a0\u00bb revaldak_heading_font_size=\u00a0\u00bb35&Prime;][\/vc_column][vc_column width=\u00a0\u00bb1\/4&Prime;][vc_btn title=\u00a0\u00bbJe veux un devis\u00a0\u00bb style=\u00a0\u00bbcustom\u00a0\u00bb custom_background=\u00a0\u00bb#f1f4f9&Prime; custom_text=\u00a0\u00bb#000000&Prime; shape=\u00a0\u00bbround\u00a0\u00bb align=\u00a0\u00bbcenter\u00a0\u00bb el_class=\u00a0\u00bborder-btn\u00a0\u00bb link=\u00a0\u00bburl:http%3A%2F%2Fwww.ivoirehs.net%2Findex.php%2Fquotes-2%2F\u00a0\u00bb][\/vc_column][\/vc_row][vc_row css=\u00a0\u00bb.vc_custom_1465371048414{margin-top: 90px !important;}\u00a0\u00bb][vc_column width=\u00a0\u00bb1\/4&Prime;][\/vc_column][vc_column width=\u00a0\u00bb1\/2&Prime;][revaldak_headings headings_title=\u00a0\u00bbIls nous ont fait confiance\u00a0\u00bb headings_subtitle=\u00a0\u00bb\u00a0\u00bb headings_subtitle_tag=\u00a0\u00bbp\u00a0\u00bb headings_separator=\u00a0\u00bbborder\u00a0\u00bb headings_separator_border_color=\u00a0\u00bb#49d0e5&Prime; revaldak_heading_font_weight=\u00a0\u00bb700&Prime; revaldak_heading_color=\u00a0\u00bb#020202&Prime; revaldak_sub_heading_font_weight=\u00a0\u00bb400&Prime; revaldak_sub_heading_color=\u00a0\u00bb#8a8a8a\u00a0\u00bb revaldak_heading_spacing=\u00a0\u00bb20px\u00a0\u00bb revaldak_heading_font_size=\u00a0\u00bb35&Prime;][\/vc_column][vc_column width=\u00a0\u00bb1\/4&Prime;][\/vc_column][vc_column][revaldak_clients layout_style=\u00a0\u00bbgrid\u00a0\u00bb images=\u00a0\u00bb3351,3352,3353,3354,3355,3356,3357,3358,3359,3360,3361,3362,3363,3364,3365,3366,3367,3368,3369,3370&Prime; columns_number_mobile=\u00a0\u00bb3&Prime; columns_number_tablet=\u00a0\u00bb5&Prime; columns_number_desktop=\u00a0\u00bb6&Prime;][\/vc_column][\/vc_row]<\/p>\n<\/div>","protected":false},"excerpt":{"rendered":"<p>[vc_row][vc_column][rev_slider_vc alias=\u00a0\u00bbslider-1&Prime;][\/vc_column][\/vc_row][vc_row full_width=\u00a0\u00bbstretch_row_content_no_spaces\u00a0\u00bb][vc_column width=\u00a0\u00bb1\/3&Prime; css=\u00a0\u00bb.vc_custom_1508506854748{padding-top: 40px !important;padding-right: 40px !important;padding-bottom: 40px !important;padding-left: 40px !important;background-color: #9a59b5 !important;}\u00a0\u00bb][revaldak_headings headings_title=\u00a0\u00bbImpression de qualit\u00e9\u00a0\u00bb headings_subtitle=\u00a0\u00bbNous offrons la meilleure qualit\u00e9\u00a0\u00bb headings_subtitle_tag=\u00a0\u00bbp\u00a0\u00bb headings_layout=\u00a0\u00bbt-under-s\u00a0\u00bb headings_alignment=\u00a0\u00bbleft\u00a0\u00bb revaldak_heading_font_weight=\u00a0\u00bb900&Prime; revaldak_heading_color=\u00a0\u00bb#ffffff\u00a0\u00bb revaldak_sub_heading_font_weight=\u00a0\u00bb400&Prime; revaldak_sub_heading_color=\u00a0\u00bb#ffffff\u00a0\u00bb revaldak_heading_spacing=\u00a0\u00bb-22px\u00a0\u00bb revaldak_heading_font_size=\u00a0\u00bb32&Prime; revaldak_sub_heading_font_size=\u00a0\u00bb15&Prime;][revaldak_empty_spaces height_mobile=\u00a0\u00bb20&Prime; height_tablet=\u00a0\u00bb30&Prime; height_desktop=\u00a0\u00bb30&Prime;][revaldak_headings headings_title=\u00a0\u00bbNotre QUALITE d\u2019impression au standard international pour satisfaire vos exigences\u00a0\u00bb headings_title_tag=\u00a0\u00bbp\u00a0\u00bb headings_subtitle=\u00a0\u00bb\u00a0\u00bb headings_layout=\u00a0\u00bbt-only\u00a0\u00bb headings_alignment=\u00a0\u00bbleft\u00a0\u00bb revaldak_heading_font_weight=\u00a0\u00bb400&Prime; revaldak_heading_color=\u00a0\u00bb#ffffff\u00a0\u00bb revaldak_sub_heading_font_weight=\u00a0\u00bb400&Prime; revaldak_heading_font_size=\u00a0\u00bb18&Prime;][revaldak_empty_spaces height_mobile=\u00a0\u00bb20&Prime; [&hellip;]<\/p>\n","protected":false},"author":1,"featured_media":0,"parent":0,"menu_order":0,"comment_status":"closed","ping_status":"closed","template":"","meta":{"footnotes":""},"class_list":["post-3279","page","type-page","status-publish","hentry"],"_links":{"self":[{"href":"http:\/\/www.imprimerie-ihs.ci\/index.php\/wp-json\/wp\/v2\/pages\/3279","targetHints":{"allow":["GET"]}}],"collection":[{"href":"http:\/\/www.imprimerie-ihs.ci\/index.php\/wp-json\/wp\/v2\/pages"}],"about":[{"href":"http:\/\/www.imprimerie-ihs.ci\/index.php\/wp-json\/wp\/v2\/types\/page"}],"author":[{"embeddable":true,"href":"http:\/\/www.imprimerie-ihs.ci\/index.php\/wp-json\/wp\/v2\/users\/1"}],"replies":[{"embeddable":true,"href":"http:\/\/www.imprimerie-ihs.ci\/index.php\/wp-json\/wp\/v2\/comments?post=3279"}],"version-history":[{"count":0,"href":"http:\/\/www.imprimerie-ihs.ci\/index.php\/wp-json\/wp\/v2\/pages\/3279\/revisions"}],"wp:attachment":[{"href":"http:\/\/www.imprimerie-ihs.ci\/index.php\/wp-json\/wp\/v2\/media?parent=3279"}],"curies":[{"name":"wp","href":"https:\/\/api.w.org\/{rel}","templated":true}]}}